{"id":38,"date":"2022-07-12T19:11:13","date_gmt":"2022-07-12T19:11:13","guid":{"rendered":"https:\/\/trassiendo.cl\/?page_id=38"},"modified":"2022-11-01T00:01:48","modified_gmt":"2022-11-01T00:01:48","slug":"ubicacion","status":"publish","type":"page","link":"https:\/\/trassiendo.cl\/index.php\/ubicacion\/","title":{"rendered":"Ubicaci\u00f3n"},"content":{"rendered":"<p>[vc_row][vc_column][vc_custom_heading text=\u00bbEn Tras&#8230;siendo contamos con dos consultas para brindarte una mejor atenci\u00f3n\u00bb font_container=\u00bbtag:h2|text_align:center\u00bb use_theme_fonts=\u00bbyes\u00bb][vc_separator color=\u00bbvista_blue\u00bb style=\u00bbshadow\u00bb border_width=\u00bb3&#8243;][\/vc_column][\/vc_row][vc_row][vc_column width=\u00bb1\/2&#8243;][vc_column_text]<\/p>\n<p style=\"text-align: center;\">Para tu comodidad, se cuenta con una consulta en el centro m\u00e9dico Medisur, ubicada en Prieto Norte 299, consulta 409 en la ciudad de Temuco.<\/p>\n<p>[\/vc_column_text][vc_gmaps link=\u00bb#E-8_JTNDaWZyYW1lJTIwc3JjJTNEJTIyaHR0cHMlM0ElMkYlMkZ3d3cuZ29vZ2xlLmNvbSUyRm1hcHMlMkZlbWJlZCUzRnBiJTNEJTIxMW0xOCUyMTFtMTIlMjExbTMlMjExZDMxMTIuMjY4MzUyOTg4OTEwNSUyMTJkLTcyLjYwMjMxNjc4NDY1NDQzJTIxM2QtMzguNzM0NjAzNzc5NTk2MTIlMjEybTMlMjExZjAlMjEyZjAlMjEzZjAlMjEzbTIlMjExaTEwMjQlMjEyaTc2OCUyMTRmMTMuMSUyMTNtMyUyMTFtMiUyMTFzMHg5NjE0ZDNlY2JmYTVmOWU3JTI1M0EweDg4NTI1NDJiODRmM2FhMWIlMjEyc0NlbnRybyUyNTIwTSUyNUMzJTI1QTlkaWNvJTI1MjBNZWRpc3VyJTIxNWUwJTIxM20yJTIxMXNlcy00MTklMjEyc2NsJTIxNHYxNjYxODEwMjMxNjIyJTIxNW0yJTIxMXNlcy00MTklMjEyc2NsJTIyJTIwd2lkdGglM0QlMjI2MDAlMjIlMjBoZWlnaHQlM0QlMjI0NTAlMjIlMjBzdHlsZSUzRCUyMmJvcmRlciUzQTAlM0IlMjIlMjBhbGxvd2Z1bGxzY3JlZW4lM0QlMjIlMjIlMjBsb2FkaW5nJTNEJTIybGF6eSUyMiUyMHJlZmVycmVycG9saWN5JTNEJTIybm8tcmVmZXJyZXItd2hlbi1kb3duZ3JhZGUlMjIlM0UlM0MlMkZpZnJhbWUlM0U=\u00bb][\/vc_column][vc_column width=\u00bb1\/2&#8243;][vc_column_text]<\/p>\n<p style=\"text-align: center;\">Para total tranquilidad y conexi\u00f3n con la naturaleza, se dispone de la casa matriz a s\u00f3lo 7 minutos de Padre las Casas, en el km 6, sector \u00d1irrimapu, camino a Makewe, regi\u00f3n de la Araucan\u00eda.<\/p>\n<p>[\/vc_column_text][vc_gmaps link=\u00bb#E-8_JTNDaWZyYW1lJTIwc3JjJTNEJTIyaHR0cHMlM0ElMkYlMkZ3d3cuZ29vZ2xlLmNvbSUyRm1hcHMlMkZlbWJlZCUzRnBiJTNEJTIxMW0xOCUyMTFtMTIlMjExbTMlMjExZDEyNDMzLjk5MTEyMzU4OTg2OSUyMTJkLTcyLjY4MzQzMjMwNzMwNTM4JTIxM2QtMzguODIxMDU5MzIyOTk3NDIlMjEybTMlMjExZjAlMjEyZjAlMjEzZjAlMjEzbTIlMjExaTEwMjQlMjEyaTc2OCUyMTRmMTMuMSUyMTNtMyUyMTFtMiUyMTFzMHgwJTI1M0EweGMzMDY0NTBmZjU3ZmVhN2YlMjEyek16akNzRFE1SnpJekxqTWlVeUEzTXNLd05EQW5Nemd1TWlKWCUyMTVlMCUyMTNtMiUyMTFzZXMtNDE5JTIxMnNjbCUyMTR2MTY2MTgxMDY4MDM1MCUyMTVtMiUyMTFzZXMtNDE5JTIxMnNjbCUyMiUyMHdpZHRoJTNEJTIyNjAwJTIyJTIwaGVpZ2h0JTNEJTIyNDUwJTIyJTIwc3R5bGUlM0QlMjJib3JkZXIlM0EwJTNCJTIyJTIwYWxsb3dmdWxsc2NyZWVuJTNEJTIyJTIyJTIwbG9hZGluZyUzRCUyMmxhenklMjIlMjByZWZlcnJlcnBvbGljeSUzRCUyMm5vLXJlZmVycmVyLXdoZW4tZG93bmdyYWRlJTIyJTNFJTNDJTJGaWZyYW1lJTNF\u00bb][\/vc_column][\/vc_row]<\/p>\n","protected":false},"excerpt":{"rendered":"<p>[vc_row][vc_column][vc_custom_heading text=\u00bbEn Tras&#8230;siendo contamos con dos consultas para brindarte una mejor atenci\u00f3n\u00bb font_container=\u00bbtag:h2|text_align:center\u00bb use_theme_fonts=\u00bbyes\u00bb][vc_separator color=\u00bbvista_blue\u00bb style=\u00bbshadow\u00bb border_width=\u00bb3&#8243;][\/vc_column][\/vc_row][vc_row][vc_column width=\u00bb1\/2&#8243;][vc_column_text] Para tu comodidad, se cuenta con una consulta en el centro m\u00e9dico [&hellip;]<\/p>\n","protected":false},"author":1,"featured_media":0,"parent":0,"menu_order":0,"comment_status":"closed","ping_status":"closed","template":"","meta":{"footnotes":""},"class_list":["post-38","page","type-page","status-publish","hentry"],"_links":{"self":[{"href":"https:\/\/trassiendo.cl\/index.php\/wp-json\/wp\/v2\/pages\/38","targetHints":{"allow":["GET"]}}],"collection":[{"href":"https:\/\/trassiendo.cl\/index.php\/wp-json\/wp\/v2\/pages"}],"about":[{"href":"https:\/\/trassiendo.cl\/index.php\/wp-json\/wp\/v2\/types\/page"}],"author":[{"embeddable":true,"href":"https:\/\/trassiendo.cl\/index.php\/wp-json\/wp\/v2\/users\/1"}],"replies":[{"embeddable":true,"href":"https:\/\/trassiendo.cl\/index.php\/wp-json\/wp\/v2\/comments?post=38"}],"version-history":[{"count":14,"href":"https:\/\/trassiendo.cl\/index.php\/wp-json\/wp\/v2\/pages\/38\/revisions"}],"predecessor-version":[{"id":142,"href":"https:\/\/trassiendo.cl\/index.php\/wp-json\/wp\/v2\/pages\/38\/revisions\/142"}],"wp:attachment":[{"href":"https:\/\/trassiendo.cl\/index.php\/wp-json\/wp\/v2\/media?parent=38"}],"curies":[{"name":"wp","href":"https:\/\/api.w.org\/{rel}","templated":true}]}}