{"id":25,"date":"2022-07-12T19:00:49","date_gmt":"2022-07-12T19:00:49","guid":{"rendered":"https:\/\/trassiendo.cl\/?page_id=25"},"modified":"2022-11-07T20:51:47","modified_gmt":"2022-11-07T20:51:47","slug":"pagina-de-inicio","status":"publish","type":"page","link":"https:\/\/trassiendo.cl\/","title":{"rendered":"P\u00e1gina de inicio"},"content":{"rendered":"<p>[vc_row][vc_column][vc_empty_space][vc_single_image image=\u00bb135&#8243; img_size=\u00bbfull\u00bb alignment=\u00bbcenter\u00bb][vc_custom_heading text=\u00bbUn espacio terap\u00e9utico de acogida, conexi\u00f3n y sanaci\u00f3n f\u00edsica, emocional y espiritual.\u00bb font_container=\u00bbtag:h2|text_align:center|color:%238224e3&#8243; google_fonts=\u00bbfont_family:Cookie%3Aregular|font_style:400%20regular%3A400%3Anormal\u00bb][\/vc_column][\/vc_row]<\/p>\n","protected":false},"excerpt":{"rendered":"<p>[vc_row][vc_column][vc_empty_space][vc_single_image image=\u00bb135&#8243; img_size=\u00bbfull\u00bb alignment=\u00bbcenter\u00bb][vc_custom_heading text=\u00bbUn espacio terap\u00e9utico de acogida, conexi\u00f3n y sanaci\u00f3n f\u00edsica, emocional y espiritual.\u00bb font_container=\u00bbtag:h2|text_align:center|color:%238224e3&#8243; google_fonts=\u00bbfont_family:Cookie%3Aregular|font_style:400%20regular%3A400%3Anormal\u00bb][\/vc_column][\/vc_row]<\/p>\n","protected":false},"author":1,"featured_media":0,"parent":0,"menu_order":0,"comment_status":"closed","ping_status":"closed","template":"","meta":{"footnotes":""},"class_list":["post-25","page","type-page","status-publish","hentry"],"_links":{"self":[{"href":"https:\/\/trassiendo.cl\/index.php\/wp-json\/wp\/v2\/pages\/25","targetHints":{"allow":["GET"]}}],"collection":[{"href":"https:\/\/trassiendo.cl\/index.php\/wp-json\/wp\/v2\/pages"}],"about":[{"href":"https:\/\/trassiendo.cl\/index.php\/wp-json\/wp\/v2\/types\/page"}],"author":[{"embeddable":true,"href":"https:\/\/trassiendo.cl\/index.php\/wp-json\/wp\/v2\/users\/1"}],"replies":[{"embeddable":true,"href":"https:\/\/trassiendo.cl\/index.php\/wp-json\/wp\/v2\/comments?post=25"}],"version-history":[{"count":7,"href":"https:\/\/trassiendo.cl\/index.php\/wp-json\/wp\/v2\/pages\/25\/revisions"}],"predecessor-version":[{"id":141,"href":"https:\/\/trassiendo.cl\/index.php\/wp-json\/wp\/v2\/pages\/25\/revisions\/141"}],"wp:attachment":[{"href":"https:\/\/trassiendo.cl\/index.php\/wp-json\/wp\/v2\/media?parent=25"}],"curies":[{"name":"wp","href":"https:\/\/api.w.org\/{rel}","templated":true}]}}